{"id":1004,"date":"2016-12-13T20:53:54","date_gmt":"2016-12-13T20:53:54","guid":{"rendered":"http:\/\/donnellyoptical.com\/eye-health\/"},"modified":"2020-09-28T14:26:20","modified_gmt":"2020-09-28T14:26:20","slug":"optometriste","status":"publish","type":"page","link":"https:\/\/donnellyoptical.com\/fr\/optometriste\/","title":{"rendered":"SANT\u00c9 OCULAIRE"},"content":{"rendered":"<div id=\"page-title\" class=\"page-title\" style=\"background: linear-gradient(rgba(32,47,65,0.75), rgba(32,47,65,0.75)), url('https:\/\/donnellyoptical.com\/wp-content\/uploads\/2016\/12\/eye-health.jpg'); background-size: cover; background-repeat: no-repeat; background-position: center center;\">\n<div class=\"container\">\n<div class=\"row\">\n<div id=\"page-title-text\" class=\"col-xs-12 col-sm-12 col-md-12 col-lg-12 text-center\">\n<h1>MON OPTOM\u00c9TRISTE, MA SANT\u00c9 OCULAIRE<\/h1>\n<hr class=\"yellowHR mb-2\" style=\"display: block; margin: 0 auto;\">\n<div class=\"page-sub-title\">Pour prot\u00e9ger votre sant\u00e9 oculaire, faites appel \u00e0 nos services et \u00e0 nos technologies de pr\u00e9vention et de correction des <span style=\"display:inline-block\">troubles de la vision.<\/span><\/div>\n<\/p><\/div>\n<\/p><\/div>\n<\/div>\n<\/div>\n<div class=\"container\" style=\"padding:0 15px 60px;\">\n<div class=\"row\">\n<div class=\"col-xs-12 col-sm-12 col-md-12 col-lg-12\">\n<h2 class=\"bold caps navy-text\" style=\"line-height: 30px;\">Examen de la vue<\/h2>\n<hr class=\"yellowHR mt-2 mb-2\">\n<p>Parce que vos yeux sont pr\u00e9cieux, prenez-en soin! Nos optom\u00e9tristes professionnels sont pr\u00e9sents pour effectuer un examen complet de votre vue. Celui-ci ne sert pas seulement \u00e0 d\u00e9terminer si vous avez besoin de lunettes ou de lentilles, mais il permet \u00e9galement de v\u00e9rifier la sant\u00e9 de vos yeux et de d\u00e9tecter d\u2019\u00e9ventuelles maladies et troubles oculaires tels que le glaucome, la d\u00e9g\u00e9n\u00e9rescence maculaire, la cataracte, le d\u00e9collement r\u00e9tinien, le diab\u00e8te, l\u2019hypertension, etc.<\/p>\n<p>Vous devez passer un examen de la vue fr\u00e9quemment m\u00eame si votre vue vous semble parfaite. Cela permet \u00e0 votre optom\u00e9triste de suivre l\u2019\u00e9tat de sant\u00e9 de vos yeux et de diagnostiquer le moindre probl\u00e8me d\u00e8s qu\u2019il appara\u00eet afin de le soigner le plus rapidement possible.<\/p>\n<p>La fr\u00e9quence d\u2019un examen de la vue complet va varier tout au long de votre vie, mais \u00e9galement en fonction de votre \u00e9tat de sant\u00e9 g\u00e9n\u00e9ral.<\/p>\n<p><a class=\"bjm-button\" href=\"\/fr\/examendelavue\/\">En savoir plus sur les examens de la vue<\/a><\/p>\n<\/div>\n<\/div>\n<\/div>\n<div style=\"background:#f1f1f1\">\n<div class=\"container\" style=\"padding:60px 15px;\">\n<div class=\"row\">\n<div class=\"col-xs-12 col-sm-12 col-md-12 col-lg-12\">\n<h2 class=\"bold caps navy-text\" style=\"line-height: 30px;\">Examen de la vue pour les enfants<\/h2>\n<hr class=\"yellowHR mt-2 mb-2\">\n<p>Pour le bien-\u00eatre et la sant\u00e9 des enfants, il est recommand\u00e9 d\u2019effectuer le premier examen de la vue tr\u00e8s t\u00f4t soit entre 6 et 9 mois. Notre \u00e9quipe d\u2019optom\u00e9tristes exp\u00e9riment\u00e9s, sp\u00e9cialis\u00e9s avec les enfants saura les mettre \u00e0 l\u2019aise durant l\u2019examen.<\/p>\n<p><a href=\"\/fr\/optometriste-enfant\/\" class=\"bjm-button\">En savoir plus sur les examens de la vision pour les enfants<\/a><\/p>\n<\/div>\n<\/div>\n<\/div>\n<\/div>\n<div class=\"container\" style=\"padding:60px 15px;\">\n<div class=\"row\">\n<div class=\"col-xs-12 col-sm-12 col-md-12 col-lg-12\">\n<h2 class=\"bold caps navy-text\" style=\"line-height: 30px;\">Urgences oculaires<\/h2>\n<hr class=\"yellowHR mt-2 mb-2\">\n<p>Notre \u00e9quipe est constitu\u00e9e de personnes comp\u00e9tentes, professionnelles et investies pour qui votre satisfaction et la sant\u00e9 de vos yeux sont leur priorit\u00e9. C\u2019est pourquoi, en cas d\u2019urgence, nous sommes l\u00e0 pour vous aider. N\u2019h\u00e9sitez pas \u00e0 nous contacter et apr\u00e8s avoir \u00e9valu\u00e9 votre situation, nous vous donnerons un rendez-vous pour une consultation le plus rapidement possible.<\/p>\n<p><a href=\"\/fr\/urgenceoculaire\/\" class=\"bjm-button\">Voir le type d\u2019urgence trait\u00e9es<\/a><\/p>\n<\/div>\n<\/div>\n<\/div>\n<div style=\"background:#000\">\n<div class=\"container\" style=\"padding:60px 15px;\">\n<div class=\"row\">\n<div class=\"col-xs-12 col-sm-12 col-md-12 col-lg-12\">\n<p style=\"text-align:center; color:#fff; font-size:22px; line-height:26px\">Veuillez noter que notre clinique offre \u00e9galement les services d\u2019ajustement de lentilles corn\u00e9ennes. <\/p>\n<p style=\"text-align:center; color:#fff\"><a href=\"\/#contact\" class=\"bjm-button\">Prendre un rendez-vous<\/a><\/p>\n<\/div>\n<\/div>\n<\/div>\n<\/div>\n<style>body aside {display:none !important}a.bjm-button{display:inline-block; background:#F4C557; color:#000; padding:12px 24px; font-weight:bold; text-transform: uppercase;}a.bjm-button:hover{background:#696969; color:#fff}<\/style>\n","protected":false},"excerpt":{"rendered":"<p>MON OPTOM\u00c9TRISTE, MA SANT\u00c9 OCULAIRE Pour prot\u00e9ger votre sant\u00e9 oculaire, faites appel \u00e0 nos services et \u00e0 nos technologies de pr\u00e9vention et de correction des troubles de la vision. Examen de la vue Parce que vos yeux sont pr\u00e9cieux, prenez-en soin! Nos optom\u00e9tristes professionnels sont pr\u00e9sents pour effectuer un examen complet de votre vue. Celui-ci [&hellip;]<\/p>\n","protected":false},"author":1,"featured_media":0,"parent":0,"menu_order":0,"comment_status":"closed","ping_status":"closed","template":"","meta":{"_acf_changed":false,"footnotes":""},"class_list":["post-1004","page","type-page","status-publish","hentry"],"acf":[],"yoast_head":"<!-- This site is optimized with the Yoast SEO plugin v27.3 - https:\/\/yoast.com\/product\/yoast-seo-wordpress\/ -->\n<title>Optical Health Educational Library<\/title>\n<meta name=\"description\" content=\"A collection of educational videos to help you learn about, and prevent, optical health problems.\" \/>\n<meta name=\"robots\" content=\"index, follow, max-snippet:-1, max-image-preview:large, max-video-preview:-1\" \/>\n<link rel=\"canonical\" href=\"https:\/\/donnellyoptical.com\/fr\/optometriste\/\" \/>\n<meta property=\"og:locale\" content=\"fr_FR\" \/>\n<meta property=\"og:type\" content=\"article\" \/>\n<meta property=\"og:title\" content=\"Optical Health Educational Library\" \/>\n<meta property=\"og:description\" content=\"A collection of educational videos to help you learn about, and prevent, optical health problems.\" \/>\n<meta property=\"og:url\" content=\"https:\/\/donnellyoptical.com\/fr\/optometriste\/\" \/>\n<meta property=\"og:site_name\" content=\"Donnelly Optical\" \/>\n<meta property=\"article:modified_time\" content=\"2020-09-28T14:26:20+00:00\" \/>\n<meta name=\"twitter:card\" content=\"summary_large_image\" \/>\n<meta name=\"twitter:label1\" content=\"Dur\u00e9e de lecture estim\u00e9e\" \/>\n\t<meta name=\"twitter:data1\" content=\"2 minutes\" \/>\n<script type=\"application\/ld+json\" class=\"yoast-schema-graph\">{\"@context\":\"https:\\\/\\\/schema.org\",\"@graph\":[{\"@type\":\"WebPage\",\"@id\":\"https:\\\/\\\/donnellyoptical.com\\\/fr\\\/optometriste\\\/\",\"url\":\"https:\\\/\\\/donnellyoptical.com\\\/fr\\\/optometriste\\\/\",\"name\":\"Optical Health Educational Library\",\"isPartOf\":{\"@id\":\"https:\\\/\\\/donnellyoptical.com\\\/#website\"},\"datePublished\":\"2016-12-13T20:53:54+00:00\",\"dateModified\":\"2020-09-28T14:26:20+00:00\",\"description\":\"A collection of educational videos to help you learn about, and prevent, optical health problems.\",\"breadcrumb\":{\"@id\":\"https:\\\/\\\/donnellyoptical.com\\\/fr\\\/optometriste\\\/#breadcrumb\"},\"inLanguage\":\"fr-FR\",\"potentialAction\":[{\"@type\":\"ReadAction\",\"target\":[\"https:\\\/\\\/donnellyoptical.com\\\/fr\\\/optometriste\\\/\"]}]},{\"@type\":\"BreadcrumbList\",\"@id\":\"https:\\\/\\\/donnellyoptical.com\\\/fr\\\/optometriste\\\/#breadcrumb\",\"itemListElement\":[{\"@type\":\"ListItem\",\"position\":1,\"name\":\"Home\",\"item\":\"https:\\\/\\\/donnellyoptical.com\\\/fr\\\/\"},{\"@type\":\"ListItem\",\"position\":2,\"name\":\"SANT\u00c9 OCULAIRE\"}]},{\"@type\":\"WebSite\",\"@id\":\"https:\\\/\\\/donnellyoptical.com\\\/#website\",\"url\":\"https:\\\/\\\/donnellyoptical.com\\\/\",\"name\":\"Donnelly Optical\",\"description\":\"Optometrist &amp; Optician\",\"publisher\":{\"@id\":\"https:\\\/\\\/donnellyoptical.com\\\/#organization\"},\"potentialAction\":[{\"@type\":\"SearchAction\",\"target\":{\"@type\":\"EntryPoint\",\"urlTemplate\":\"https:\\\/\\\/donnellyoptical.com\\\/?s={search_term_string}\"},\"query-input\":{\"@type\":\"PropertyValueSpecification\",\"valueRequired\":true,\"valueName\":\"search_term_string\"}}],\"inLanguage\":\"fr-FR\"},{\"@type\":\"Organization\",\"@id\":\"https:\\\/\\\/donnellyoptical.com\\\/#organization\",\"name\":\"Donnelly Optical\",\"url\":\"https:\\\/\\\/donnellyoptical.com\\\/\",\"logo\":{\"@type\":\"ImageObject\",\"inLanguage\":\"fr-FR\",\"@id\":\"https:\\\/\\\/donnellyoptical.com\\\/#\\\/schema\\\/logo\\\/image\\\/\",\"url\":\"https:\\\/\\\/donnellyoptical.com\\\/wp-content\\\/uploads\\\/2017\\\/01\\\/donnelly_optical-logo-final_small.jpg\",\"contentUrl\":\"https:\\\/\\\/donnellyoptical.com\\\/wp-content\\\/uploads\\\/2017\\\/01\\\/donnelly_optical-logo-final_small.jpg\",\"width\":500,\"height\":153,\"caption\":\"Donnelly Optical\"},\"image\":{\"@id\":\"https:\\\/\\\/donnellyoptical.com\\\/#\\\/schema\\\/logo\\\/image\\\/\"}}]}<\/script>\n<!-- \/ Yoast SEO plugin. -->","yoast_head_json":{"title":"Optical Health Educational Library","description":"A collection of educational videos to help you learn about, and prevent, optical health problems.","robots":{"index":"index","follow":"follow","max-snippet":"max-snippet:-1","max-image-preview":"max-image-preview:large","max-video-preview":"max-video-preview:-1"},"canonical":"https:\/\/donnellyoptical.com\/fr\/optometriste\/","og_locale":"fr_FR","og_type":"article","og_title":"Optical Health Educational Library","og_description":"A collection of educational videos to help you learn about, and prevent, optical health problems.","og_url":"https:\/\/donnellyoptical.com\/fr\/optometriste\/","og_site_name":"Donnelly Optical","article_modified_time":"2020-09-28T14:26:20+00:00","twitter_card":"summary_large_image","twitter_misc":{"Dur\u00e9e de lecture estim\u00e9e":"2 minutes"},"schema":{"@context":"https:\/\/schema.org","@graph":[{"@type":"WebPage","@id":"https:\/\/donnellyoptical.com\/fr\/optometriste\/","url":"https:\/\/donnellyoptical.com\/fr\/optometriste\/","name":"Optical Health Educational Library","isPartOf":{"@id":"https:\/\/donnellyoptical.com\/#website"},"datePublished":"2016-12-13T20:53:54+00:00","dateModified":"2020-09-28T14:26:20+00:00","description":"A collection of educational videos to help you learn about, and prevent, optical health problems.","breadcrumb":{"@id":"https:\/\/donnellyoptical.com\/fr\/optometriste\/#breadcrumb"},"inLanguage":"fr-FR","potentialAction":[{"@type":"ReadAction","target":["https:\/\/donnellyoptical.com\/fr\/optometriste\/"]}]},{"@type":"BreadcrumbList","@id":"https:\/\/donnellyoptical.com\/fr\/optometriste\/#breadcrumb","itemListElement":[{"@type":"ListItem","position":1,"name":"Home","item":"https:\/\/donnellyoptical.com\/fr\/"},{"@type":"ListItem","position":2,"name":"SANT\u00c9 OCULAIRE"}]},{"@type":"WebSite","@id":"https:\/\/donnellyoptical.com\/#website","url":"https:\/\/donnellyoptical.com\/","name":"Donnelly Optical","description":"Optometrist &amp; Optician","publisher":{"@id":"https:\/\/donnellyoptical.com\/#organization"},"potentialAction":[{"@type":"SearchAction","target":{"@type":"EntryPoint","urlTemplate":"https:\/\/donnellyoptical.com\/?s={search_term_string}"},"query-input":{"@type":"PropertyValueSpecification","valueRequired":true,"valueName":"search_term_string"}}],"inLanguage":"fr-FR"},{"@type":"Organization","@id":"https:\/\/donnellyoptical.com\/#organization","name":"Donnelly Optical","url":"https:\/\/donnellyoptical.com\/","logo":{"@type":"ImageObject","inLanguage":"fr-FR","@id":"https:\/\/donnellyoptical.com\/#\/schema\/logo\/image\/","url":"https:\/\/donnellyoptical.com\/wp-content\/uploads\/2017\/01\/donnelly_optical-logo-final_small.jpg","contentUrl":"https:\/\/donnellyoptical.com\/wp-content\/uploads\/2017\/01\/donnelly_optical-logo-final_small.jpg","width":500,"height":153,"caption":"Donnelly Optical"},"image":{"@id":"https:\/\/donnellyoptical.com\/#\/schema\/logo\/image\/"}}]}},"_links":{"self":[{"href":"https:\/\/donnellyoptical.com\/fr\/wp-json\/wp\/v2\/pages\/1004","targetHints":{"allow":["GET"]}}],"collection":[{"href":"https:\/\/donnellyoptical.com\/fr\/wp-json\/wp\/v2\/pages"}],"about":[{"href":"https:\/\/donnellyoptical.com\/fr\/wp-json\/wp\/v2\/types\/page"}],"author":[{"embeddable":true,"href":"https:\/\/donnellyoptical.com\/fr\/wp-json\/wp\/v2\/users\/1"}],"replies":[{"embeddable":true,"href":"https:\/\/donnellyoptical.com\/fr\/wp-json\/wp\/v2\/comments?post=1004"}],"version-history":[{"count":5,"href":"https:\/\/donnellyoptical.com\/fr\/wp-json\/wp\/v2\/pages\/1004\/revisions"}],"predecessor-version":[{"id":2658,"href":"https:\/\/donnellyoptical.com\/fr\/wp-json\/wp\/v2\/pages\/1004\/revisions\/2658"}],"wp:attachment":[{"href":"https:\/\/donnellyoptical.com\/fr\/wp-json\/wp\/v2\/media?parent=1004"}],"curies":[{"name":"wp","href":"https:\/\/api.w.org\/{rel}","templated":true}]}}